{"id":105,"date":"2026-03-23T14:28:26","date_gmt":"2026-03-23T07:28:26","guid":{"rendered":"https:\/\/dulichhoian.click\/?page_id=105"},"modified":"2026-04-14T08:09:35","modified_gmt":"2026-04-14T01:09:35","slug":"105-2","status":"publish","type":"page","link":"https:\/\/dulichhoian.click\/?page_id=105","title":{"rendered":"\u0110i\u1ec1u kho\u1ea3n"},"content":{"rendered":"<section style=\"max-width: 1000px; margin: auto; padding: 60px 20px; font-family: 'Segoe UI', sans-serif; color: #2c2c2c; line-height: 1.8;\">\n<p>    <!-- TITLE --><\/p>\n<div style=\"text-align: center; margin-bottom: 50px;\">\n<h1 style=\"font-size: 34px; margin-bottom: 10px;\">\u0110I\u1ec0U KHO\u1ea2N S\u1eec D\u1ee4NG<\/h1>\n<div style=\"width: 60px; height: 3px; background: #c8a97e; margin: auto;\"><\/div>\n<p style=\"margin-top: 15px; color: #666;\">\n            Quy \u0111\u1ecbnh v\u1ec1 vi\u1ec7c truy c\u1eadp v\u00e0 s\u1eed d\u1ee5ng website du l\u1ecbch H\u1ed9i An\n        <\/p>\n<\/p>\n<\/div>\n<p>    <!-- INTRO --><\/p>\n<p>\n        Ch\u00e0o m\u1eebng b\u1ea1n \u0111\u1ebfn v\u1edbi <strong> Du L\u1ecbch H\u1ed9i An<\/strong>. Khi truy c\u1eadp v\u00e0 s\u1eed d\u1ee5ng website n\u00e0y,<br \/>\n        b\u1ea1n \u0111\u1ed3ng \u00fd tu\u00e2n th\u1ee7 c\u00e1c \u0111i\u1ec1u kho\u1ea3n v\u00e0 \u0111i\u1ec1u ki\u1ec7n \u0111\u01b0\u1ee3c quy \u0111\u1ecbnh d\u01b0\u1edbi \u0111\u00e2y.<br \/>\n        N\u1ebfu b\u1ea1n kh\u00f4ng \u0111\u1ed3ng \u00fd v\u1edbi b\u1ea5t k\u1ef3 n\u1ed9i dung n\u00e0o, vui l\u00f2ng ng\u1eebng s\u1eed d\u1ee5ng d\u1ecbch v\u1ee5.\n    <\/p>\n<p>    <!-- SECTION --><\/p>\n<h2 style=\"margin-top: 40px;\">1. Ph\u1ea1m vi \u00e1p d\u1ee5ng<\/h2>\n<p>\n        C\u00e1c \u0111i\u1ec1u kho\u1ea3n n\u00e0y \u00e1p d\u1ee5ng cho t\u1ea5t c\u1ea3 ng\u01b0\u1eddi d\u00f9ng truy c\u1eadp website, bao g\u1ed3m nh\u01b0ng kh\u00f4ng gi\u1edbi h\u1ea1n<br \/>\n        \u1edf kh\u00e1ch tham quan, ng\u01b0\u1eddi \u0111\u0103ng k\u00fd, \u0111\u1ed1i t\u00e1c v\u00e0 c\u00e1c b\u00ean li\u00ean quan.\n    <\/p>\n<h2 style=\"margin-top: 30px;\">2. Quy\u1ec1n v\u00e0 tr\u00e1ch nhi\u1ec7m c\u1ee7a ng\u01b0\u1eddi d\u00f9ng<\/h2>\n<ul>\n<li>Kh\u00f4ng s\u1eed d\u1ee5ng website v\u00e0o m\u1ee5c \u0111\u00edch vi ph\u1ea1m ph\u00e1p lu\u1eadt ho\u1eb7c g\u00e2y \u1ea3nh h\u01b0\u1edfng ti\u00eau c\u1ef1c.<\/li>\n<li>Kh\u00f4ng \u0111\u0103ng t\u1ea3i n\u1ed9i dung sai s\u1ef1 th\u1eadt, g\u00e2y hi\u1ec3u nh\u1ea7m ho\u1eb7c x\u00fac ph\u1ea1m t\u1ed5 ch\u1ee9c, c\u00e1 nh\u00e2n.<\/li>\n<li>T\u1ef1 ch\u1ecbu tr\u00e1ch nhi\u1ec7m v\u1ec1 th\u00f4ng tin b\u1ea1n cung c\u1ea5p v\u00e0 h\u00e0nh vi s\u1eed d\u1ee5ng d\u1ecbch v\u1ee5.<\/li>\n<\/ul>\n<h2 style=\"margin-top: 30px;\">3. Quy\u1ec1n v\u00e0 tr\u00e1ch nhi\u1ec7m c\u1ee7a ch\u00fang t\u00f4i<\/h2>\n<ul>\n<li>Cung c\u1ea5p th\u00f4ng tin du l\u1ecbch ch\u00ednh x\u00e1c v\u00e0 \u0111\u01b0\u1ee3c c\u1eadp nh\u1eadt th\u01b0\u1eddng xuy\u00ean.<\/li>\n<li>C\u00f3 quy\u1ec1n thay \u0111\u1ed5i, ch\u1ec9nh s\u1eeda ho\u1eb7c ng\u1eebng cung c\u1ea5p d\u1ecbch v\u1ee5 m\u00e0 kh\u00f4ng c\u1ea7n b\u00e1o tr\u01b0\u1edbc.<\/li>\n<li>T\u1eeb ch\u1ed1i ho\u1eb7c h\u1ea1n ch\u1ebf truy c\u1eadp n\u1ebfu ph\u00e1t hi\u1ec7n h\u00e0nh vi vi ph\u1ea1m \u0111i\u1ec1u kho\u1ea3n.<\/li>\n<\/ul>\n<h2 style=\"margin-top: 30px;\">4. N\u1ed9i dung v\u00e0 b\u1ea3n quy\u1ec1n<\/h2>\n<p>\n        T\u1ea5t c\u1ea3 n\u1ed9i dung tr\u00ean website bao g\u1ed3m v\u0103n b\u1ea3n, h\u00ecnh \u1ea3nh, logo v\u00e0 t\u00e0i nguy\u00ean kh\u00e1c<br \/>\n        thu\u1ed9c quy\u1ec1n s\u1edf h\u1eefu c\u1ee7a ch\u00fang t\u00f4i ho\u1eb7c \u0111\u01b0\u1ee3c c\u1ea5p ph\u00e9p h\u1ee3p ph\u00e1p.<br \/>\n        M\u1ecdi h\u00e0nh vi sao ch\u00e9p, s\u1eed d\u1ee5ng l\u1ea1i m\u00e0 kh\u00f4ng c\u00f3 s\u1ef1 cho ph\u00e9p \u0111\u1ec1u b\u1ecb nghi\u00eam c\u1ea5m.\n    <\/p>\n<h2 style=\"margin-top: 30px;\">5. Mi\u1ec5n tr\u1eeb tr\u00e1ch nhi\u1ec7m<\/h2>\n<p>\n        Ch\u00fang t\u00f4i kh\u00f4ng ch\u1ecbu tr\u00e1ch nhi\u1ec7m \u0111\u1ed1i v\u1edbi b\u1ea5t k\u1ef3 thi\u1ec7t h\u1ea1i n\u00e0o ph\u00e1t sinh t\u1eeb vi\u1ec7c s\u1eed d\u1ee5ng<br \/>\n        th\u00f4ng tin tr\u00ean website, bao g\u1ed3m nh\u01b0ng kh\u00f4ng gi\u1edbi h\u1ea1n \u1edf vi\u1ec7c sai l\u1ec7ch th\u00f4ng tin t\u1eeb b\u00ean th\u1ee9 ba<br \/>\n        ho\u1eb7c gi\u00e1n \u0111o\u1ea1n d\u1ecbch v\u1ee5 ngo\u00e0i t\u1ea7m ki\u1ec3m so\u00e1t.\n    <\/p>\n<h2 style=\"margin-top: 30px;\">6. Li\u00ean k\u1ebft b\u00ean th\u1ee9 ba<\/h2>\n<p>\n        Website c\u00f3 th\u1ec3 ch\u1ee9a li\u00ean k\u1ebft \u0111\u1ebfn c\u00e1c d\u1ecbch v\u1ee5 ho\u1eb7c trang web b\u00ean ngo\u00e0i.<br \/>\n        Ch\u00fang t\u00f4i kh\u00f4ng ch\u1ecbu tr\u00e1ch nhi\u1ec7m v\u1ec1 n\u1ed9i dung, ch\u00ednh s\u00e1ch ho\u1eb7c ho\u1ea1t \u0111\u1ed9ng c\u1ee7a c\u00e1c b\u00ean n\u00e0y.\n    <\/p>\n<h2 style=\"margin-top: 30px;\">7. B\u1ea3o m\u1eadt th\u00f4ng tin<\/h2>\n<p>\n        Ch\u00fang t\u00f4i cam k\u1ebft b\u1ea3o v\u1ec7 th\u00f4ng tin c\u00e1 nh\u00e2n c\u1ee7a ng\u01b0\u1eddi d\u00f9ng theo ch\u00ednh s\u00e1ch b\u1ea3o m\u1eadt ri\u00eang.<br \/>\n        Tuy nhi\u00ean, b\u1ea1n c\u0169ng c\u1ea7n ch\u1ee7 \u0111\u1ed9ng b\u1ea3o v\u1ec7 th\u00f4ng tin t\u00e0i kho\u1ea3n c\u1ee7a m\u00ecnh.\n    <\/p>\n<h2 style=\"margin-top: 30px;\">8. Thay \u0111\u1ed5i \u0111i\u1ec1u kho\u1ea3n<\/h2>\n<p>\n        C\u00e1c \u0111i\u1ec1u kho\u1ea3n c\u00f3 th\u1ec3 \u0111\u01b0\u1ee3c c\u1eadp nh\u1eadt theo th\u1eddi gian nh\u1eb1m ph\u00f9 h\u1ee3p v\u1edbi ho\u1ea1t \u0111\u1ed9ng v\u00e0 quy \u0111\u1ecbnh ph\u00e1p lu\u1eadt.<br \/>\n        Vi\u1ec7c ti\u1ebfp t\u1ee5c s\u1eed d\u1ee5ng website \u0111\u1ed3ng ngh\u0129a v\u1edbi vi\u1ec7c b\u1ea1n ch\u1ea5p nh\u1eadn c\u00e1c thay \u0111\u1ed5i n\u00e0y.\n    <\/p>\n<h2 style=\"margin-top: 30px;\">9. Lu\u1eadt \u00e1p d\u1ee5ng<\/h2>\n<p>\n        C\u00e1c \u0111i\u1ec1u kho\u1ea3n n\u00e0y \u0111\u01b0\u1ee3c \u0111i\u1ec1u ch\u1ec9nh v\u00e0 gi\u1ea3i th\u00edch theo ph\u00e1p lu\u1eadt Vi\u1ec7t Nam.\n    <\/p>\n<\/section>\n","protected":false},"excerpt":{"rendered":"<p>\u0110I\u1ec0U KHO\u1ea2N S\u1eec D\u1ee4NG Quy \u0111\u1ecbnh v\u1ec1 vi\u1ec7c truy c\u1eadp v\u00e0 s\u1eed d\u1ee5ng website du l\u1ecbch H\u1ed9i An Ch\u00e0o m\u1eebng b\u1ea1n \u0111\u1ebfn v\u1edbi Du L\u1ecbch H\u1ed9i An. Khi truy c\u1eadp v\u00e0 s\u1eed d\u1ee5ng website n\u00e0y, b\u1ea1n \u0111\u1ed3ng \u00fd tu\u00e2n th\u1ee7 c\u00e1c \u0111i\u1ec1u kho\u1ea3n v\u00e0 \u0111i\u1ec1u ki\u1ec7n \u0111\u01b0\u1ee3c quy \u0111\u1ecbnh d\u01b0\u1edbi \u0111\u00e2y. N\u1ebfu b\u1ea1n kh\u00f4ng \u0111\u1ed3ng [&#8230;]\n","protected":false},"author":1,"featured_media":0,"parent":0,"menu_order":0,"comment_status":"closed","ping_status":"closed","template":"","meta":{"footnotes":""},"class_list":["post-105","page","type-page","status-publish","hentry"],"_links":{"self":[{"href":"https:\/\/dulichhoian.click\/index.php?rest_route=\/wp\/v2\/pages\/105","targetHints":{"allow":["GET"]}}],"collection":[{"href":"https:\/\/dulichhoian.click\/index.php?rest_route=\/wp\/v2\/pages"}],"about":[{"href":"https:\/\/dulichhoian.click\/index.php?rest_route=\/wp\/v2\/types\/page"}],"author":[{"embeddable":true,"href":"https:\/\/dulichhoian.click\/index.php?rest_route=\/wp\/v2\/users\/1"}],"replies":[{"embeddable":true,"href":"https:\/\/dulichhoian.click\/index.php?rest_route=%2Fwp%2Fv2%2Fcomments&post=105"}],"version-history":[{"count":5,"href":"https:\/\/dulichhoian.click\/index.php?rest_route=\/wp\/v2\/pages\/105\/revisions"}],"predecessor-version":[{"id":411,"href":"https:\/\/dulichhoian.click\/index.php?rest_route=\/wp\/v2\/pages\/105\/revisions\/411"}],"wp:attachment":[{"href":"https:\/\/dulichhoian.click\/index.php?rest_route=%2Fwp%2Fv2%2Fmedia&parent=105"}],"curies":[{"name":"wp","href":"https:\/\/api.w.org\/{rel}","templated":true}]}}