{"id":53,"date":"2026-03-23T13:26:18","date_gmt":"2026-03-23T06:26:18","guid":{"rendered":"https:\/\/dulichhoian.click\/?page_id=53"},"modified":"2026-04-14T13:25:19","modified_gmt":"2026-04-14T06:25:19","slug":"trang-chu","status":"publish","type":"page","link":"https:\/\/dulichhoian.click\/","title":{"rendered":"Trang ch\u1ee7"},"content":{"rendered":"<div class=\"slider-wrapper relative\" id=\"slider-1796033152\" >\n    <div class=\"slider slider-nav-circle slider-nav-large slider-nav-light slider-style-normal\"\n        data-flickity-options='{\n            \"cellAlign\": \"center\",\n            \"imagesLoaded\": true,\n            \"lazyLoad\": 1,\n            \"freeScroll\": false,\n            \"wrapAround\": true,\n            \"autoPlay\": 6000,\n            \"pauseAutoPlayOnHover\" : true,\n            \"prevNextButtons\": true,\n            \"contain\" : true,\n            \"adaptiveHeight\" : true,\n            \"dragThreshold\" : 10,\n            \"percentPosition\": true,\n            \"pageDots\": true,\n            \"rightToLeft\": false,\n            \"draggable\": true,\n            \"selectedAttraction\": 0.1,\n            \"parallax\" : 0,\n            \"friction\": 0.6        }'\n        >\n        \n\n  <div class=\"banner has-hover bg-zoom\" id=\"banner-1554085404\">\n          <div class=\"banner-inner fill\">\n        <div class=\"banner-bg fill\" >\n            <div class=\"bg fill bg-fill \"><\/div>\n                        <div class=\"overlay\"><\/div>            \n                    <\/div>\n\t\t\n        <div class=\"banner-layers container\">\n            <div class=\"fill banner-link\"><\/div>            \n   <div id=\"text-box-348036908\" class=\"text-box banner-layer x50 md-x50 lg-x50 y50 md-y50 lg-y50 res-text\">\n                                <div class=\"text-box-content text dark\">\n              \n              <div class=\"text-inner text-center\">\n                  \n\t<div id=\"text-2915427578\" class=\"text\">\n\t\t\n<h3 class=\"uppercase\">KH\u00c1M PH\u00c1 H\u1ed8I AN<\/h3>\n<p>N\u01a1i l\u01b0u gi\u1eef v\u1ebb \u0111\u1eb9p c\u1ed5 k\u00ednh v\u00e0 nh\u1eefng tr\u1ea3i nghi\u1ec7m \u0111\u00e1ng nh\u1edb.<\/p>\n\t\t\n<style>\n#text-2915427578 {\n  font-size: 1.75rem;\n  line-height: 1.3;\n  text-align: center;\n  color: rgb(245, 230, 200);\n}\n#text-2915427578 > * {\n  color: rgb(245, 230, 200);\n}\n<\/style>\n\t<\/div>\n\t\n<a class=\"button white is-outline\"  >\n    <span>Xem ngay<\/span>\n  <\/a>\n\n              <\/div>\n           <\/div>\n                            \n<style>\n#text-box-348036908 {\n  width: 60%;\n}\n#text-box-348036908 .text-box-content {\n  font-size: 100%;\n}\n<\/style>\n    <\/div>\n \n        <\/div>\n      <\/div>\n\n            \n<style>\n#banner-1554085404 {\n  padding-top: 56%;\n}\n#banner-1554085404 .bg.bg-loaded {\n  background-image: url(https:\/\/dulichhoian.click\/wp-content\/uploads\/2026\/03\/tai-xuong-2.jpg);\n}\n#banner-1554085404 .overlay {\n  background-color: rgba(0,0,0,.5);\n}\n#banner-1554085404 .ux-shape-divider--top svg {\n  height: 150px;\n  --divider-top-width: 100%;\n}\n#banner-1554085404 .ux-shape-divider--bottom svg {\n  height: 150px;\n  --divider-width: 100%;\n}\n<\/style>\n  <\/div>\n\n\n\n  <div class=\"banner has-hover\" id=\"banner-818107248\">\n          <div class=\"banner-inner fill\">\n        <div class=\"banner-bg fill\" >\n            <div class=\"bg fill bg-fill \"><\/div>\n                        <div class=\"overlay\"><\/div>            \n            <div class=\"effect-sparkle bg-effect fill no-click\"><\/div>        <\/div>\n\t\t\n        <div class=\"banner-layers container\">\n            <div class=\"fill banner-link\"><\/div>            \n   <div id=\"text-box-1601488232\" class=\"text-box banner-layer x50 md-x50 lg-x50 y50 md-y50 lg-y50 res-text\">\n                                <div class=\"text-box-content text dark\">\n              \n              <div class=\"text-inner text-center\">\n                  \n\t<div id=\"text-3935497801\" class=\"text\">\n\t\t\n<h2 style=\"font-size:65px; font-family:'Times New Roman', serif; letter-spacing:3px; text-transform:uppercase; margin:0; line-height:1.1;\">\nH\u1ed8I AN<br \/>\n<\/h2>\n<p style=\"font-size:32px; font-family:'Times New Roman', serif; margin:0 0 12px 0; line-height:1.2;\">\nVi\u00ean ng\u1ecdc c\u1ed5 b\u00ean d\u00f2ng s\u00f4ng Ho\u00e0i\n<\/p>\n<p style=\"font-size:18px; font-family:'Courier New', monospace; opacity:0.85; margin:0; line-height:1.2;\">\nn\u01a1i th\u1eddi gian qu\u00ean gi\u1ea5c\n<\/p>\n<p style=\"font-size:18px; font-family:'Courier New', monospace; opacity:0.85; margin:0; line-height:1.2;\">\nch\u1ed1n thi h\u1ecda ng\u00e0n n\u0103m s\u1ed1ng m\u00e3i c\u00f9ng s\u1eed thi\n<\/p>\n\t\t\n<style>\n#text-3935497801 {\n  font-size: 1.65rem;\n  line-height: 1.35;\n  text-align: center;\n  color: rgb(245, 230, 200);\n}\n#text-3935497801 > * {\n  color: rgb(245, 230, 200);\n}\n<\/style>\n\t<\/div>\n\t\n              <\/div>\n           <\/div>\n                            \n<style>\n#text-box-1601488232 {\n  width: 60%;\n}\n#text-box-1601488232 .text-box-content {\n  font-size: 100%;\n}\n<\/style>\n    <\/div>\n \n        <\/div>\n      <\/div>\n\n            \n<style>\n#banner-818107248 {\n  padding-top: 56%;\n}\n#banner-818107248 .bg.bg-loaded {\n  background-image: url(https:\/\/dulichhoian.click\/wp-content\/uploads\/2026\/03\/hoa-dang-2-1-1024x683.png);\n}\n#banner-818107248 .overlay {\n  background-color: rgba(0,0,0,.5);\n}\n#banner-818107248 .ux-shape-divider--top svg {\n  height: 150px;\n  --divider-top-width: 100%;\n}\n#banner-818107248 .ux-shape-divider--bottom svg {\n  height: 150px;\n  --divider-width: 100%;\n}\n<\/style>\n  <\/div>\n\n\n\t<div class=\"img has-hover x md-x lg-x y md-y lg-y\" id=\"image_1754722933\">\n\t\t\t\t\t\t\t\t<div class=\"img-inner image-cover dark\" style=\"padding-top:56%;\">\n\t\t\t<img loading=\"lazy\" decoding=\"async\" width=\"1020\" height=\"680\" src=\"https:\/\/dulichhoian.click\/wp-content\/uploads\/2026\/03\/hoi-An-1024x683.png\" class=\"attachment-large size-large\" alt=\"\" srcset=\"https:\/\/dulichhoian.click\/wp-content\/uploads\/2026\/03\/hoi-An-1024x683.png 1024w, https:\/\/dulichhoian.click\/wp-content\/uploads\/2026\/03\/hoi-An-300x200.png 300w, https:\/\/dulichhoian.click\/wp-content\/uploads\/2026\/03\/hoi-An-768x512.png 768w, https:\/\/dulichhoian.click\/wp-content\/uploads\/2026\/03\/hoi-An.png 1536w\" sizes=\"auto, (max-width: 1020px) 100vw, 1020px\" \/>\t\t\t\t\t\t\n\t\t\t\t\t<\/div>\n\t\t\t\t\t\t\t\t\n<style>\n#image_1754722933 {\n  width: 100%;\n}\n<\/style>\n\t<\/div>\n\t\n     <\/div>\n\n     <div class=\"loading-spin dark large centered\"><\/div>\n\n     \t<\/div>\n\n\n<div class=\"row row-full-width align-middle align-center\"  id=\"row-1040962250\">\n\n\t<div id=\"col-815590028\" class=\"col medium-6 small-12 large-6\"  >\n\t\t\t\t<div class=\"col-inner\"  >\n\t\t\t\n\t\t\t\n\t<div class=\"img has-hover x md-x lg-x y md-y lg-y\" id=\"image_1381203172\">\n\t\t\t\t\t\t\t\t<div class=\"img-inner dark\" >\n\t\t\t<img loading=\"lazy\" decoding=\"async\" width=\"1020\" height=\"574\" src=\"https:\/\/dulichhoian.click\/wp-content\/uploads\/2026\/04\/History-of-Hoi-An-Ancient-Town-Told-In-Reverse-La-Siesta-Hoi-An-1024x576.jpg\" class=\"attachment-large size-large\" alt=\"\" srcset=\"https:\/\/dulichhoian.click\/wp-content\/uploads\/2026\/04\/History-of-Hoi-An-Ancient-Town-Told-In-Reverse-La-Siesta-Hoi-An-1024x576.jpg 1024w, https:\/\/dulichhoian.click\/wp-content\/uploads\/2026\/04\/History-of-Hoi-An-Ancient-Town-Told-In-Reverse-La-Siesta-Hoi-An-300x169.jpg 300w, https:\/\/dulichhoian.click\/wp-content\/uploads\/2026\/04\/History-of-Hoi-An-Ancient-Town-Told-In-Reverse-La-Siesta-Hoi-An-768x432.jpg 768w, https:\/\/dulichhoian.click\/wp-content\/uploads\/2026\/04\/History-of-Hoi-An-Ancient-Town-Told-In-Reverse-La-Siesta-Hoi-An.jpg 1280w\" sizes=\"auto, (max-width: 1020px) 100vw, 1020px\" \/>\t\t\t\t\t\t\n\t\t\t\t\t<\/div>\n\t\t\t\t\t\t\t\t\n<style>\n#image_1381203172 {\n  width: 100%;\n}\n<\/style>\n\t<\/div>\n\t\n\t\t<\/div>\n\t\t\t\t\t<\/div>\n\n\t\n\n\t<div id=\"col-210570485\" class=\"col medium-5 small-12 large-5\"  >\n\t\t\t\t<div class=\"col-inner text-left\"  data-parallax-fade=\"true\" data-parallax=\"1\">\n\t\t\t\n\t\t\t\n<p><span data-text-color=\"primary\"><strong><span style=\"font-size: 29px;\">Web Du L\u1ecbch H\u1ed9i <span style=\"font-size: 30px;\">An<\/span><\/span><\/strong><\/span><\/p>\n<p>Mang \u0111\u1ebfn nh\u1eefng th\u00f4ng tin h\u1eefu \u00edch v\u00e0 tr\u1ea3i nghi\u1ec7m ch\u00e2n th\u1ef1c nh\u1ea5t v\u1ec1 du l\u1ecbch H\u1ed9i An. <br \/>H\u00e3y c\u00f9ng ch\u00fang t\u00f4i kh\u00e1m ph\u00e1 v\u1ebb \u0111\u1eb9p c\u1ed5 k\u00ednh v\u00e0 \u0111\u1ea7y cu\u1ed1n h\u00fat c\u1ee7a ph\u1ed1 H\u1ed9i!<\/p>\n<a href=\"https:\/\/dulichhoian.click\/?page_id=56\" target=\"_self\" class=\"button primary\"  >\n    <span>GI\u1edaI THI\u1ec6U<\/span>\n  <\/a>\n\n\t\t<\/div>\n\t\t\t\t\n<style>\n#col-210570485 > .col-inner {\n  margin: 0px 0px 0px 0px;\n}\n<\/style>\n\t<\/div>\n\n\t\n\n<style>\n#row-1040962250 > .col > .col-inner {\n  padding: 60px 30px 0px 60px;\n}\n<\/style>\n<\/div>\n<div class=\"container section-title-container\" ><h3 class=\"section-title section-title-center\"><b><\/b><span class=\"section-title-main\" style=\"color:rgb(205, 167, 41);\">TIN T\u1ee8C H\u1ed8I AN<\/span><b><\/b><\/h3><\/div>\n<div class=\"row\"  id=\"row-63677953\">\n\n\t<div id=\"col-499175196\" class=\"col medium-6 small-12 large-6\"  >\n\t\t\t\t<div class=\"col-inner\"  >\n\t\t\t\n\t\t\t\n\n  \n    <div class=\"row large-columns-1 medium-columns-1 small-columns-1 slider row-slider slider-nav-reveal slider-nav-push\"  data-flickity-options='{\"imagesLoaded\": true, \"groupCells\": \"100%\", \"dragThreshold\" : 5, \"cellAlign\": \"left\",\"wrapAround\": true,\"prevNextButtons\": true,\"percentPosition\": true,\"pageDots\": false, \"rightToLeft\": false, \"autoPlay\" : false}'>\n\n  <div class=\"col post-item\" >\n\t\t\t<div class=\"col-inner\">\n\t\t\t<a href=\"https:\/\/dulichhoian.click\/?p=162\" class=\"plain\">\n\t\t\t\t<div class=\"box box-normal box-text-bottom box-blog-post has-hover\">\n            \t\t\t\t\t<div class=\"box-image\" >\n  \t\t\t\t\t\t<div class=\"image-zoom image-cover\" style=\"padding-top:56.25%;\">\n  \t\t\t\t\t\t\t<img loading=\"lazy\" decoding=\"async\" width=\"300\" height=\"200\" src=\"https:\/\/dulichhoian.click\/wp-content\/uploads\/2026\/03\/tai-xuong-3-300x200.jpg\" class=\"attachment-medium size-medium wp-post-image\" alt=\"\" srcset=\"https:\/\/dulichhoian.click\/wp-content\/uploads\/2026\/03\/tai-xuong-3-300x200.jpg 300w, https:\/\/dulichhoian.click\/wp-content\/uploads\/2026\/03\/tai-xuong-3.jpg 735w\" sizes=\"auto, (max-width: 300px) 100vw, 300px\" \/>  \t\t\t\t\t\t\t  \t\t\t\t\t\t\t  \t\t\t\t\t\t<\/div>\n  \t\t\t\t\t\t  \t\t\t\t\t<\/div>\n          \t\t\t\t\t<div class=\"box-text text-center\" >\n\t\t\t\t\t<div class=\"box-text-inner blog-post-inner\">\n\n\t\t\t\t\t\n\t\t\t\t\t\t\t\t\t\t<h5 class=\"post-title is-large \">\u1ea8m th\u1ef1c H\u1ed9i An \u2013 H\u00e0nh tr\u00ecnh kh\u00e1m ph\u00e1 h\u01b0\u01a1ng v\u1ecb \u0111\u1eb7c tr\u01b0ng mi\u1ec1n Trung<\/h5>\n\t\t\t\t\t\t\t\t\t\t<div class=\"is-divider\"><\/div>\n\t\t\t\t\t\t\t\t\t\t<p class=\"from_the_blog_excerpt \">Kh\u00f4ng ch\u1ec9 n\u1ed5i ti\u1ebfng v\u1edbi ph\u1ed1 c\u1ed5 v\u00e0 \u0111\u00e8n l\u1ed3ng r\u1ef1c r\u1ee1, H\u1ed9i An c\u00f2n [...]\t\t\t\t\t<\/p>\n\t\t\t\t\t                    \n\t\t\t\t\t\n\t\t\t\t\t\n\t\t\t\t\t<\/div>\n\t\t\t\t\t<\/div>\n\t\t\t\t\t\t\t\t\t\t\t\t\t\t\t\t<div class=\"badge absolute top post-date badge-outline\">\n\t\t\t\t\t\t\t<div class=\"badge-inner\">\n\t\t\t\t\t\t\t\t<span class=\"post-date-day\">23<\/span><br>\n\t\t\t\t\t\t\t\t<span class=\"post-date-month is-xsmall\">Th3<\/span>\n\t\t\t\t\t\t\t<\/div>\n\t\t\t\t\t\t<\/div>\n\t\t\t\t\t\t\t\t\t<\/div>\n\t\t\t\t<\/a>\n\t\t\t<\/div>\n\t\t<\/div><\/div>\n\t\t<\/div>\n\t\t\t\t\t<\/div>\n\n\t\n\n\t<div id=\"col-910268565\" class=\"col medium-6 small-12 large-6\"  >\n\t\t\t\t<div class=\"col-inner\"  >\n\t\t\t\n\t\t\t\n\n  \n    <div class=\"row large-columns-1 medium-columns-1 small-columns-1 slider row-slider slider-nav-reveal slider-nav-push\"  data-flickity-options='{\"imagesLoaded\": true, \"groupCells\": \"100%\", \"dragThreshold\" : 5, \"cellAlign\": \"left\",\"wrapAround\": true,\"prevNextButtons\": true,\"percentPosition\": true,\"pageDots\": false, \"rightToLeft\": false, \"autoPlay\" : false}'>\n\n  <div class=\"col post-item\" >\n\t\t\t<div class=\"col-inner\">\n\t\t\t<a href=\"https:\/\/dulichhoian.click\/?p=154\" class=\"plain\">\n\t\t\t\t<div class=\"box box-normal box-text-bottom box-blog-post has-hover\">\n            \t\t\t\t\t<div class=\"box-image\" >\n  \t\t\t\t\t\t<div class=\"image-zoom image-cover\" style=\"padding-top:56.25%;\">\n  \t\t\t\t\t\t\t<img loading=\"lazy\" decoding=\"async\" width=\"300\" height=\"201\" src=\"https:\/\/dulichhoian.click\/wp-content\/uploads\/2026\/03\/hoi_an_tren_cao_02-300x201.jpeg\" class=\"attachment-medium size-medium wp-post-image\" alt=\"\" srcset=\"https:\/\/dulichhoian.click\/wp-content\/uploads\/2026\/03\/hoi_an_tren_cao_02-300x201.jpeg 300w, https:\/\/dulichhoian.click\/wp-content\/uploads\/2026\/03\/hoi_an_tren_cao_02-768x516.jpeg 768w, https:\/\/dulichhoian.click\/wp-content\/uploads\/2026\/03\/hoi_an_tren_cao_02.jpeg 980w\" sizes=\"auto, (max-width: 300px) 100vw, 300px\" \/>  \t\t\t\t\t\t\t  \t\t\t\t\t\t\t  \t\t\t\t\t\t<\/div>\n  \t\t\t\t\t\t  \t\t\t\t\t<\/div>\n          \t\t\t\t\t<div class=\"box-text text-center\" >\n\t\t\t\t\t<div class=\"box-text-inner blog-post-inner\">\n\n\t\t\t\t\t\n\t\t\t\t\t\t\t\t\t\t<h5 class=\"post-title is-large \">Kh\u00e1m ph\u00e1 H\u1ed9i An \u2013 V\u1ebb \u0111\u1eb9p c\u1ed5 k\u00ednh mi\u1ec1n Trung<\/h5>\n\t\t\t\t\t\t\t\t\t\t<div class=\"is-divider\"><\/div>\n\t\t\t\t\t\t\t\t\t\t<p class=\"from_the_blog_excerpt \">H\u1ed9i An l\u00e0 m\u1ed9t trong nh\u1eefng \u0111i\u1ec3m \u0111\u1ebfn du l\u1ecbch n\u1ed5i ti\u1ebfng nh\u1ea5t Vi\u1ec7t Nam, [...]\t\t\t\t\t<\/p>\n\t\t\t\t\t                    \n\t\t\t\t\t\n\t\t\t\t\t\n\t\t\t\t\t<\/div>\n\t\t\t\t\t<\/div>\n\t\t\t\t\t\t\t\t\t\t\t\t\t\t\t\t<div class=\"badge absolute top post-date badge-outline\">\n\t\t\t\t\t\t\t<div class=\"badge-inner\">\n\t\t\t\t\t\t\t\t<span class=\"post-date-day\">23<\/span><br>\n\t\t\t\t\t\t\t\t<span class=\"post-date-month is-xsmall\">Th3<\/span>\n\t\t\t\t\t\t\t<\/div>\n\t\t\t\t\t\t<\/div>\n\t\t\t\t\t\t\t\t\t<\/div>\n\t\t\t\t<\/a>\n\t\t\t<\/div>\n\t\t<\/div><\/div>\n\t\t<\/div>\n\t\t\t\t\t<\/div>\n\n\t\n<\/div>\n<div class=\"container section-title-container\" ><h3 class=\"section-title section-title-center\"><b><\/b><span class=\"section-title-main\" style=\"color:rgb(205, 167, 41);\">\u1ea8m th\u1ef1c<\/span><b><\/b><\/h3><\/div>\n<div class=\"container section-title-container\" ><h3 class=\"section-title section-title-center\"><b><\/b><span class=\"section-title-main\" style=\"color:rgb(205, 167, 41);\">\u0110\u1ecba \u0111i\u1ec3m<\/span><b><\/b><\/h3><\/div>\n","protected":false},"excerpt":{"rendered":"","protected":false},"author":1,"featured_media":0,"parent":0,"menu_order":0,"comment_status":"closed","ping_status":"closed","template":"page-blank.php","meta":{"footnotes":""},"class_list":["post-53","page","type-page","status-publish","hentry"],"_links":{"self":[{"href":"https:\/\/dulichhoian.click\/index.php?rest_route=\/wp\/v2\/pages\/53","targetHints":{"allow":["GET"]}}],"collection":[{"href":"https:\/\/dulichhoian.click\/index.php?rest_route=\/wp\/v2\/pages"}],"about":[{"href":"https:\/\/dulichhoian.click\/index.php?rest_route=\/wp\/v2\/types\/page"}],"author":[{"embeddable":true,"href":"https:\/\/dulichhoian.click\/index.php?rest_route=\/wp\/v2\/users\/1"}],"replies":[{"embeddable":true,"href":"https:\/\/dulichhoian.click\/index.php?rest_route=%2Fwp%2Fv2%2Fcomments&post=53"}],"version-history":[{"count":57,"href":"https:\/\/dulichhoian.click\/index.php?rest_route=\/wp\/v2\/pages\/53\/revisions"}],"predecessor-version":[{"id":460,"href":"https:\/\/dulichhoian.click\/index.php?rest_route=\/wp\/v2\/pages\/53\/revisions\/460"}],"wp:attachment":[{"href":"https:\/\/dulichhoian.click\/index.php?rest_route=%2Fwp%2Fv2%2Fmedia&parent=53"}],"curies":[{"name":"wp","href":"https:\/\/api.w.org\/{rel}","templated":true}]}}