{"id":618,"date":"2026-04-15T01:08:19","date_gmt":"2026-04-14T18:08:19","guid":{"rendered":"https:\/\/dulichhoian.click\/?page_id=618"},"modified":"2026-04-15T01:13:24","modified_gmt":"2026-04-14T18:13:24","slug":"quan-cafe","status":"publish","type":"page","link":"https:\/\/dulichhoian.click\/?page_id=618","title":{"rendered":"Qu\u00e1n Cafe"},"content":{"rendered":"<h1 style=\"text-align:left;\">Qu\u00e1n Cafe <\/h1>\n<p style=\"color:#888;\">Qu\u00e1n Cafe \u1edf H\u1ed9i An<\/p>\n\n  \n    <div id=\"row-1096831090\" class=\"row large-columns-4 medium-columns-3 small-columns-1 has-shadow row-box-shadow-2 row-masonry\" data-packery-options='{\"itemSelector\": \".col\", \"gutter\": 0, \"presentageWidth\" : true}'>\n\n  <div class=\"col post-item\" >\n\t\t\t<div class=\"col-inner\">\n\t\t\t<a href=\"https:\/\/dulichhoian.click\/?p=585\" class=\"plain\">\n\t\t\t\t<div class=\"box box-default box-text-bottom box-blog-post has-hover\">\n            \t\t\t\t\t<div class=\"box-image\" >\n  \t\t\t\t\t\t<div class=\"image-cover\" style=\"padding-top:300px;\">\n  \t\t\t\t\t\t\t<img loading=\"lazy\" decoding=\"async\" width=\"300\" height=\"225\" src=\"https:\/\/dulichhoian.click\/wp-content\/uploads\/2026\/04\/cocobox-hoi-an-do-uong-1763082739-300x225.jpg\" class=\"attachment-medium size-medium wp-post-image\" alt=\"\" srcset=\"https:\/\/dulichhoian.click\/wp-content\/uploads\/2026\/04\/cocobox-hoi-an-do-uong-1763082739-300x225.jpg 300w, https:\/\/dulichhoian.click\/wp-content\/uploads\/2026\/04\/cocobox-hoi-an-do-uong-1763082739-768x576.jpg 768w, https:\/\/dulichhoian.click\/wp-content\/uploads\/2026\/04\/cocobox-hoi-an-do-uong-1763082739.jpg 800w\" sizes=\"auto, (max-width: 300px) 100vw, 300px\" \/>  \t\t\t\t\t\t\t  \t\t\t\t\t\t\t  \t\t\t\t\t\t<\/div>\n  \t\t\t\t\t\t  \t\t\t\t\t<\/div>\n          \t\t\t\t\t<div class=\"box-text text-left is-small\" >\n\t\t\t\t\t<div class=\"box-text-inner blog-post-inner\">\n\n\t\t\t\t\t\n\t\t\t\t\t\t\t\t\t\t<h5 class=\"post-title is-large \">T\u00ecm th\u1ea5y m\u1ed9t g\u00f3c \u00c2u gi\u1eefa l\u00f2ng ph\u1ed1 c\u1ed5: Tr\u1ea3i nghi\u1ec7m tuy\u1ec7t v\u1eddi t\u1ea1i Cocobox.<\/h5>\n\t\t\t\t\t\t\t\t\t\t<div class=\"is-divider\"><\/div>\n\t\t\t\t\t\t\t\t\t\t<p class=\"from_the_blog_excerpt \">Cocobox H\u1ed9i An l\u00e0 m\u1ed9t trong nh\u1eefng qu\u00e1n c\u00e0 ph\u00ea &#8211; juice bar n\u1ed5i ti\u1ebfng [...]\t\t\t\t\t<\/p>\n\t\t\t\t\t                    \n\t\t\t\t\t\n\t\t\t\t\t\n\t\t\t\t\t<\/div>\n\t\t\t\t\t<\/div>\n\t\t\t\t\t\t\t\t\t\t\t\t\t\t\t\t<div class=\"badge absolute top post-date badge-outline\">\n\t\t\t\t\t\t\t<div class=\"badge-inner\">\n\t\t\t\t\t\t\t\t<span class=\"post-date-day\">14<\/span><br>\n\t\t\t\t\t\t\t\t<span class=\"post-date-month is-xsmall\">Th4<\/span>\n\t\t\t\t\t\t\t<\/div>\n\t\t\t\t\t\t<\/div>\n\t\t\t\t\t\t\t\t\t<\/div>\n\t\t\t\t<\/a>\n\t\t\t<\/div>\n\t\t<\/div><div class=\"col post-item\" >\n\t\t\t<div class=\"col-inner\">\n\t\t\t<a href=\"https:\/\/dulichhoian.click\/?p=558\" class=\"plain\">\n\t\t\t\t<div class=\"box box-default box-text-bottom box-blog-post has-hover\">\n            \t\t\t\t\t<div class=\"box-image\" >\n  \t\t\t\t\t\t<div class=\"image-cover\" style=\"padding-top:300px;\">\n  \t\t\t\t\t\t\t<img loading=\"lazy\" decoding=\"async\" width=\"300\" height=\"198\" src=\"https:\/\/dulichhoian.click\/wp-content\/uploads\/2026\/04\/dac-san-hoi-an-1-7-300x198.jpg\" class=\"attachment-medium size-medium wp-post-image\" alt=\"\" srcset=\"https:\/\/dulichhoian.click\/wp-content\/uploads\/2026\/04\/dac-san-hoi-an-1-7-300x198.jpg 300w, https:\/\/dulichhoian.click\/wp-content\/uploads\/2026\/04\/dac-san-hoi-an-1-7-1024x675.jpg 1024w, https:\/\/dulichhoian.click\/wp-content\/uploads\/2026\/04\/dac-san-hoi-an-1-7-768x506.jpg 768w, https:\/\/dulichhoian.click\/wp-content\/uploads\/2026\/04\/dac-san-hoi-an-1-7.jpg 1366w\" sizes=\"auto, (max-width: 300px) 100vw, 300px\" \/>  \t\t\t\t\t\t\t  \t\t\t\t\t\t\t  \t\t\t\t\t\t<\/div>\n  \t\t\t\t\t\t  \t\t\t\t\t<\/div>\n          \t\t\t\t\t<div class=\"box-text text-left is-small\" >\n\t\t\t\t\t<div class=\"box-text-inner blog-post-inner\">\n\n\t\t\t\t\t\n\t\t\t\t\t\t\t\t\t\t<h5 class=\"post-title is-large \">Top 7 qu\u00e1n c\u00e0 ph\u00ea n\u00ean \u0111\u1ebfn khi t\u1edbi H\u1ed9i An<\/h5>\n\t\t\t\t\t\t\t\t\t\t<div class=\"is-divider\"><\/div>\n\t\t\t\t\t\t\t\t\t\t<p class=\"from_the_blog_excerpt \">1.Chu Chu V\u1ebb ngo\u00e0i xinh x\u1eafn, \u0111\u01a1n gi\u1ea3n m\u00e0 c\u0169 c\u0169 v\u1edbi d\u00e0n hoa gi\u1ea5y [...]\t\t\t\t\t<\/p>\n\t\t\t\t\t                    \n\t\t\t\t\t\n\t\t\t\t\t\n\t\t\t\t\t<\/div>\n\t\t\t\t\t<\/div>\n\t\t\t\t\t\t\t\t\t\t\t\t\t\t\t\t<div class=\"badge absolute top post-date badge-outline\">\n\t\t\t\t\t\t\t<div class=\"badge-inner\">\n\t\t\t\t\t\t\t\t<span class=\"post-date-day\">14<\/span><br>\n\t\t\t\t\t\t\t\t<span class=\"post-date-month is-xsmall\">Th4<\/span>\n\t\t\t\t\t\t\t<\/div>\n\t\t\t\t\t\t<\/div>\n\t\t\t\t\t\t\t\t\t<\/div>\n\t\t\t\t<\/a>\n\t\t\t<\/div>\n\t\t<\/div><div class=\"col post-item\" >\n\t\t\t<div class=\"col-inner\">\n\t\t\t<a href=\"https:\/\/dulichhoian.click\/?p=511\" class=\"plain\">\n\t\t\t\t<div class=\"box box-default box-text-bottom box-blog-post has-hover\">\n            \t\t\t\t\t<div class=\"box-image\" >\n  \t\t\t\t\t\t<div class=\"image-cover\" style=\"padding-top:300px;\">\n  \t\t\t\t\t\t\t<img loading=\"lazy\" decoding=\"async\" width=\"169\" height=\"300\" src=\"https:\/\/dulichhoian.click\/wp-content\/uploads\/2026\/04\/86a88a15a17b4efa22cc4ae9f9681db9-169x300.jpg\" class=\"attachment-medium size-medium wp-post-image\" alt=\"\" srcset=\"https:\/\/dulichhoian.click\/wp-content\/uploads\/2026\/04\/86a88a15a17b4efa22cc4ae9f9681db9-169x300.jpg 169w, https:\/\/dulichhoian.click\/wp-content\/uploads\/2026\/04\/86a88a15a17b4efa22cc4ae9f9681db9-576x1024.jpg 576w, https:\/\/dulichhoian.click\/wp-content\/uploads\/2026\/04\/86a88a15a17b4efa22cc4ae9f9681db9-e1776181735481.jpg 120w\" sizes=\"auto, (max-width: 169px) 100vw, 169px\" \/>  \t\t\t\t\t\t\t  \t\t\t\t\t\t\t  \t\t\t\t\t\t<\/div>\n  \t\t\t\t\t\t  \t\t\t\t\t<\/div>\n          \t\t\t\t\t<div class=\"box-text text-left is-small\" >\n\t\t\t\t\t<div class=\"box-text-inner blog-post-inner\">\n\n\t\t\t\t\t\n\t\t\t\t\t\t\t\t\t\t<h5 class=\"post-title is-large \">T\u1ea1i sao ai \u0111\u1ebfn H\u1ed9i An c\u0169ng ph\u1ea3i x\u1ebfp h\u00e0ng ch\u1edd u\u1ed1ng tr\u00e0 M\u00f3t?<\/h5>\n\t\t\t\t\t\t\t\t\t\t<div class=\"is-divider\"><\/div>\n\t\t\t\t\t\t\t\t\t\t<p class=\"from_the_blog_excerpt \">\u0110\u00e2y\u00a0kh\u00f4ng ph\u1ea3i l\u00e0 qu\u00e1n cafe \u1edf H\u1ed9i An, m\u00f3n n\u01b0\u1edbc u\u1ed1ng ch\u00ednh \u1edf \u0111\u00e2y l\u00e0 [...]\t\t\t\t\t<\/p>\n\t\t\t\t\t                    \n\t\t\t\t\t\n\t\t\t\t\t\n\t\t\t\t\t<\/div>\n\t\t\t\t\t<\/div>\n\t\t\t\t\t\t\t\t\t\t\t\t\t\t\t\t<div class=\"badge absolute top post-date badge-outline\">\n\t\t\t\t\t\t\t<div class=\"badge-inner\">\n\t\t\t\t\t\t\t\t<span class=\"post-date-day\">14<\/span><br>\n\t\t\t\t\t\t\t\t<span class=\"post-date-month is-xsmall\">Th4<\/span>\n\t\t\t\t\t\t\t<\/div>\n\t\t\t\t\t\t<\/div>\n\t\t\t\t\t\t\t\t\t<\/div>\n\t\t\t\t<\/a>\n\t\t\t<\/div>\n\t\t<\/div><div class=\"col post-item\" >\n\t\t\t<div class=\"col-inner\">\n\t\t\t<a href=\"https:\/\/dulichhoian.click\/?p=506\" class=\"plain\">\n\t\t\t\t<div class=\"box box-default box-text-bottom box-blog-post has-hover\">\n            \t\t\t\t\t<div class=\"box-image\" >\n  \t\t\t\t\t\t<div class=\"image-cover\" style=\"padding-top:300px;\">\n  \t\t\t\t\t\t\t<img loading=\"lazy\" decoding=\"async\" width=\"300\" height=\"200\" src=\"https:\/\/dulichhoian.click\/wp-content\/uploads\/2026\/04\/dde4789dd685366a81995c80f47beb80-300x200.jpg\" class=\"attachment-medium size-medium wp-post-image\" alt=\"\" srcset=\"https:\/\/dulichhoian.click\/wp-content\/uploads\/2026\/04\/dde4789dd685366a81995c80f47beb80-300x200.jpg 300w, https:\/\/dulichhoian.click\/wp-content\/uploads\/2026\/04\/dde4789dd685366a81995c80f47beb80-1024x683.jpg 1024w, https:\/\/dulichhoian.click\/wp-content\/uploads\/2026\/04\/dde4789dd685366a81995c80f47beb80-768x512.jpg 768w, https:\/\/dulichhoian.click\/wp-content\/uploads\/2026\/04\/dde4789dd685366a81995c80f47beb80.jpg 1080w\" sizes=\"auto, (max-width: 300px) 100vw, 300px\" \/>  \t\t\t\t\t\t\t  \t\t\t\t\t\t\t  \t\t\t\t\t\t<\/div>\n  \t\t\t\t\t\t  \t\t\t\t\t<\/div>\n          \t\t\t\t\t<div class=\"box-text text-left is-small\" >\n\t\t\t\t\t<div class=\"box-text-inner blog-post-inner\">\n\n\t\t\t\t\t\n\t\t\t\t\t\t\t\t\t\t<h5 class=\"post-title is-large \">The Chef \u0110i\u1ec3m d\u1eebng ch\u00e2n cho nh\u1eefng t\u00e2m h\u1ed3n y\u00eau s\u00e1ch v\u00e0 s\u1ef1 t\u0129nh l\u1eb7ng.<\/h5>\n\t\t\t\t\t\t\t\t\t\t<div class=\"is-divider\"><\/div>\n\t\t\t\t\t\t\t\t\t\t<p class=\"from_the_blog_excerpt \">\u0110\u00e2y l\u00e0 m\u1ed9t\u00a0qu\u00e1n cafe s\u00e2n th\u01b0\u1ee3ng \u1edf H\u1ed9i An\u00a0\u0111\u1eb9p m\u00e0 m\u00ecnh mu\u1ed1n gi\u1edbi thi\u1ec7u \u0111\u1ebfn [...]\t\t\t\t\t<\/p>\n\t\t\t\t\t                    \n\t\t\t\t\t\n\t\t\t\t\t\n\t\t\t\t\t<\/div>\n\t\t\t\t\t<\/div>\n\t\t\t\t\t\t\t\t\t\t\t\t\t\t\t\t<div class=\"badge absolute top post-date badge-outline\">\n\t\t\t\t\t\t\t<div class=\"badge-inner\">\n\t\t\t\t\t\t\t\t<span class=\"post-date-day\">14<\/span><br>\n\t\t\t\t\t\t\t\t<span class=\"post-date-month is-xsmall\">Th4<\/span>\n\t\t\t\t\t\t\t<\/div>\n\t\t\t\t\t\t<\/div>\n\t\t\t\t\t\t\t\t\t<\/div>\n\t\t\t\t<\/a>\n\t\t\t<\/div>\n\t\t<\/div><\/div>\n","protected":false},"excerpt":{"rendered":"<p>Qu\u00e1n Cafe Qu\u00e1n Cafe \u1edf H\u1ed9i An<\/p>\n","protected":false},"author":1,"featured_media":0,"parent":0,"menu_order":0,"comment_status":"closed","ping_status":"closed","template":"","meta":{"footnotes":""},"class_list":["post-618","page","type-page","status-publish","hentry"],"_links":{"self":[{"href":"https:\/\/dulichhoian.click\/index.php?rest_route=\/wp\/v2\/pages\/618","targetHints":{"allow":["GET"]}}],"collection":[{"href":"https:\/\/dulichhoian.click\/index.php?rest_route=\/wp\/v2\/pages"}],"about":[{"href":"https:\/\/dulichhoian.click\/index.php?rest_route=\/wp\/v2\/types\/page"}],"author":[{"embeddable":true,"href":"https:\/\/dulichhoian.click\/index.php?rest_route=\/wp\/v2\/users\/1"}],"replies":[{"embeddable":true,"href":"https:\/\/dulichhoian.click\/index.php?rest_route=%2Fwp%2Fv2%2Fcomments&post=618"}],"version-history":[{"count":2,"href":"https:\/\/dulichhoian.click\/index.php?rest_route=\/wp\/v2\/pages\/618\/revisions"}],"predecessor-version":[{"id":631,"href":"https:\/\/dulichhoian.click\/index.php?rest_route=\/wp\/v2\/pages\/618\/revisions\/631"}],"wp:attachment":[{"href":"https:\/\/dulichhoian.click\/index.php?rest_route=%2Fwp%2Fv2%2Fmedia&parent=618"}],"curies":[{"name":"wp","href":"https:\/\/api.w.org\/{rel}","templated":true}]}}