{"id":625,"date":"2026-04-15T01:08:56","date_gmt":"2026-04-14T18:08:56","guid":{"rendered":"https:\/\/dulichhoian.click\/?page_id=625"},"modified":"2026-04-15T01:15:30","modified_gmt":"2026-04-14T18:15:30","slug":"homestay","status":"publish","type":"page","link":"https:\/\/dulichhoian.click\/?page_id=625","title":{"rendered":"Homestay"},"content":{"rendered":"<h1 style=\"text-align:left;\">Homestay <\/h1>\n<p style=\"color:#888;\">Homestay \u1edf H\u1ed9i An<\/p>\n\n  \n    <div id=\"row-2070245371\" class=\"row large-columns-4 medium-columns-3 small-columns-1 has-shadow row-box-shadow-2 row-masonry\" data-packery-options='{\"itemSelector\": \".col\", \"gutter\": 0, \"presentageWidth\" : true}'>\n\n  <div class=\"col post-item\" >\n\t\t\t<div class=\"col-inner\">\n\t\t\t<a href=\"https:\/\/dulichhoian.click\/?p=646\" class=\"plain\">\n\t\t\t\t<div class=\"box box-text-bottom box-blog-post has-hover\">\n            \t\t\t\t\t<div class=\"box-image\" >\n  \t\t\t\t\t\t<div class=\"image-cover\" style=\"padding-top:300px;\">\n  \t\t\t\t\t\t\t<img loading=\"lazy\" decoding=\"async\" width=\"169\" height=\"300\" src=\"https:\/\/dulichhoian.click\/wp-content\/uploads\/2026\/04\/quality_restoration_20260415024250297-169x300.jpeg\" class=\"attachment-medium size-medium wp-post-image\" alt=\"\" srcset=\"https:\/\/dulichhoian.click\/wp-content\/uploads\/2026\/04\/quality_restoration_20260415024250297-169x300.jpeg 169w, https:\/\/dulichhoian.click\/wp-content\/uploads\/2026\/04\/quality_restoration_20260415024250297-576x1024.jpeg 576w, https:\/\/dulichhoian.click\/wp-content\/uploads\/2026\/04\/quality_restoration_20260415024250297-768x1364.jpeg 768w, https:\/\/dulichhoian.click\/wp-content\/uploads\/2026\/04\/quality_restoration_20260415024250297-865x1536.jpeg 865w, https:\/\/dulichhoian.click\/wp-content\/uploads\/2026\/04\/quality_restoration_20260415024250297-1153x2048.jpeg 1153w, https:\/\/dulichhoian.click\/wp-content\/uploads\/2026\/04\/quality_restoration_20260415024250297-scaled.jpeg 1441w\" sizes=\"auto, (max-width: 169px) 100vw, 169px\" \/>  \t\t\t\t\t\t\t  \t\t\t\t\t\t\t  \t\t\t\t\t\t<\/div>\n  \t\t\t\t\t\t  \t\t\t\t\t<\/div>\n          \t\t\t\t\t<div class=\"box-text text-left is-small\" >\n\t\t\t\t\t<div class=\"box-text-inner blog-post-inner\">\n\n\t\t\t\t\t\n\t\t\t\t\t\t\t\t\t\t<h5 class=\"post-title is-large \">CAMFUSION HOUSE H\u1ed8I AN \u201cTR\u1ea2I NGHI\u1ec6M L\u01afU TR\u00da H\u00d2A QUY\u1ec6N GI\u1eeeA TRUY\u1ec0N TH\u1ed0NG V\u00c0 HI\u1ec6N \u0110\u1ea0I\u201d<\/h5>\n\t\t\t\t\t\t\t\t\t\t<div class=\"is-divider\"><\/div>\n\t\t\t\t\t\t\t\t\t\t<p class=\"from_the_blog_excerpt \">Y\u00ean b\u00ecnh n\u1eb1m trong khu v\u1ef1c n\u00f4ng th\u00f4n y\u00ean t\u0129nh, \u0111\u01b0\u1ee3c bao quanh b\u1edfi nh\u1eefng [...]\t\t\t\t\t<\/p>\n\t\t\t\t\t                    \n\t\t\t\t\t\n\t\t\t\t\t\n\t\t\t\t\t<\/div>\n\t\t\t\t\t<\/div>\n\t\t\t\t\t\t\t\t\t\t\t\t\t\t\t\t<div class=\"badge absolute top post-date badge-outline\">\n\t\t\t\t\t\t\t<div class=\"badge-inner\">\n\t\t\t\t\t\t\t\t<span class=\"post-date-day\">15<\/span><br>\n\t\t\t\t\t\t\t\t<span class=\"post-date-month is-xsmall\">Th4<\/span>\n\t\t\t\t\t\t\t<\/div>\n\t\t\t\t\t\t<\/div>\n\t\t\t\t\t\t\t\t\t<\/div>\n\t\t\t\t<\/a>\n\t\t\t<\/div>\n\t\t<\/div><div class=\"col post-item\" >\n\t\t\t<div class=\"col-inner\">\n\t\t\t<a href=\"https:\/\/dulichhoian.click\/?p=518\" class=\"plain\">\n\t\t\t\t<div class=\"box box-text-bottom box-blog-post has-hover\">\n            \t\t\t\t\t<div class=\"box-image\" >\n  \t\t\t\t\t\t<div class=\"image-cover\" style=\"padding-top:300px;\">\n  \t\t\t\t\t\t\t<img loading=\"lazy\" decoding=\"async\" width=\"169\" height=\"300\" src=\"https:\/\/dulichhoian.click\/wp-content\/uploads\/2026\/04\/quality_restoration_20260415003516878-169x300.jpeg\" class=\"attachment-medium size-medium wp-post-image\" alt=\"\" srcset=\"https:\/\/dulichhoian.click\/wp-content\/uploads\/2026\/04\/quality_restoration_20260415003516878-169x300.jpeg 169w, https:\/\/dulichhoian.click\/wp-content\/uploads\/2026\/04\/quality_restoration_20260415003516878-576x1024.jpeg 576w, https:\/\/dulichhoian.click\/wp-content\/uploads\/2026\/04\/quality_restoration_20260415003516878-768x1365.jpeg 768w, https:\/\/dulichhoian.click\/wp-content\/uploads\/2026\/04\/quality_restoration_20260415003516878-864x1536.jpeg 864w, https:\/\/dulichhoian.click\/wp-content\/uploads\/2026\/04\/quality_restoration_20260415003516878-1152x2048.jpeg 1152w, https:\/\/dulichhoian.click\/wp-content\/uploads\/2026\/04\/quality_restoration_20260415003516878-scaled.jpeg 1440w\" sizes=\"auto, (max-width: 169px) 100vw, 169px\" \/>  \t\t\t\t\t\t\t  \t\t\t\t\t\t\t  \t\t\t\t\t\t<\/div>\n  \t\t\t\t\t\t  \t\t\t\t\t<\/div>\n          \t\t\t\t\t<div class=\"box-text text-left is-small\" >\n\t\t\t\t\t<div class=\"box-text-inner blog-post-inner\">\n\n\t\t\t\t\t\n\t\t\t\t\t\t\t\t\t\t<h5 class=\"post-title is-large \">Little Pie H\u1ed9i An &#8211; ng\u00f4i nh\u00e0 h\u00f2a m\u00ecnh c\u00f9ng thi\u00ean nhi\u00ean\ud83c\udf3f<\/h5>\n\t\t\t\t\t\t\t\t\t\t<div class=\"is-divider\"><\/div>\n\t\t\t\t\t\t\t\t\t\t<p class=\"from_the_blog_excerpt \">\u1ea8n m\u00ecnh gi\u1eefa kh\u00f4ng gian y\u00ean b\u00ecnh c\u1ee7a H\u1ed9i An, Little Pie hi\u1ec7n l\u00ean nh\u01b0 [...]\t\t\t\t\t<\/p>\n\t\t\t\t\t                    \n\t\t\t\t\t\n\t\t\t\t\t\n\t\t\t\t\t<\/div>\n\t\t\t\t\t<\/div>\n\t\t\t\t\t\t\t\t\t\t\t\t\t\t\t\t<div class=\"badge absolute top post-date badge-outline\">\n\t\t\t\t\t\t\t<div class=\"badge-inner\">\n\t\t\t\t\t\t\t\t<span class=\"post-date-day\">14<\/span><br>\n\t\t\t\t\t\t\t\t<span class=\"post-date-month is-xsmall\">Th4<\/span>\n\t\t\t\t\t\t\t<\/div>\n\t\t\t\t\t\t<\/div>\n\t\t\t\t\t\t\t\t\t<\/div>\n\t\t\t\t<\/a>\n\t\t\t<\/div>\n\t\t<\/div><div class=\"col post-item\" >\n\t\t\t<div class=\"col-inner\">\n\t\t\t<a href=\"https:\/\/dulichhoian.click\/?p=515\" class=\"plain\">\n\t\t\t\t<div class=\"box box-text-bottom box-blog-post has-hover\">\n            \t\t\t\t\t<div class=\"box-image\" >\n  \t\t\t\t\t\t<div class=\"image-cover\" style=\"padding-top:300px;\">\n  \t\t\t\t\t\t\t<img loading=\"lazy\" decoding=\"async\" width=\"169\" height=\"300\" src=\"https:\/\/dulichhoian.click\/wp-content\/uploads\/2026\/04\/quality_restoration_20260415012728459-169x300.jpeg\" class=\"attachment-medium size-medium wp-post-image\" alt=\"\" srcset=\"https:\/\/dulichhoian.click\/wp-content\/uploads\/2026\/04\/quality_restoration_20260415012728459-169x300.jpeg 169w, https:\/\/dulichhoian.click\/wp-content\/uploads\/2026\/04\/quality_restoration_20260415012728459-576x1024.jpeg 576w, https:\/\/dulichhoian.click\/wp-content\/uploads\/2026\/04\/quality_restoration_20260415012728459-768x1365.jpeg 768w, https:\/\/dulichhoian.click\/wp-content\/uploads\/2026\/04\/quality_restoration_20260415012728459-864x1536.jpeg 864w, https:\/\/dulichhoian.click\/wp-content\/uploads\/2026\/04\/quality_restoration_20260415012728459-1152x2048.jpeg 1152w, https:\/\/dulichhoian.click\/wp-content\/uploads\/2026\/04\/quality_restoration_20260415012728459-scaled.jpeg 1440w\" sizes=\"auto, (max-width: 169px) 100vw, 169px\" \/>  \t\t\t\t\t\t\t  \t\t\t\t\t\t\t  \t\t\t\t\t\t<\/div>\n  \t\t\t\t\t\t  \t\t\t\t\t<\/div>\n          \t\t\t\t\t<div class=\"box-text text-left is-small\" >\n\t\t\t\t\t<div class=\"box-text-inner blog-post-inner\">\n\n\t\t\t\t\t\n\t\t\t\t\t\t\t\t\t\t<h5 class=\"post-title is-large \">R\u00eau Boutique &#8211; \u1ed1c \u0111\u1ea3o thanh b\u00ecnh m\u1edbi n\u1ed5i gi\u1eefa c\u00e1nh \u0111\u1ed3ng l\u00faa H\u1ed9i An\ud83c\udf3e<\/h5>\n\t\t\t\t\t\t\t\t\t\t<div class=\"is-divider\"><\/div>\n\t\t\t\t\t\t\t\t\t\t<p class=\"from_the_blog_excerpt \">M\u1ed9t thi\u00ean \u0111\u01b0\u1eddng y\u00ean b\u00ecnh n\u00e9p m\u00ecnh gi\u1eefa nh\u1eefng c\u00e1nh \u0111\u1ed3ng l\u00faa mang t\u00ednh bi\u1ec3u [...]\t\t\t\t\t<\/p>\n\t\t\t\t\t                    \n\t\t\t\t\t\n\t\t\t\t\t\n\t\t\t\t\t<\/div>\n\t\t\t\t\t<\/div>\n\t\t\t\t\t\t\t\t\t\t\t\t\t\t\t\t<div class=\"badge absolute top post-date badge-outline\">\n\t\t\t\t\t\t\t<div class=\"badge-inner\">\n\t\t\t\t\t\t\t\t<span class=\"post-date-day\">14<\/span><br>\n\t\t\t\t\t\t\t\t<span class=\"post-date-month is-xsmall\">Th4<\/span>\n\t\t\t\t\t\t\t<\/div>\n\t\t\t\t\t\t<\/div>\n\t\t\t\t\t\t\t\t\t<\/div>\n\t\t\t\t<\/a>\n\t\t\t<\/div>\n\t\t<\/div><div class=\"col post-item\" >\n\t\t\t<div class=\"col-inner\">\n\t\t\t<a href=\"https:\/\/dulichhoian.click\/?p=509\" class=\"plain\">\n\t\t\t\t<div class=\"box box-text-bottom box-blog-post has-hover\">\n            \t\t\t\t\t<div class=\"box-image\" >\n  \t\t\t\t\t\t<div class=\"image-cover\" style=\"padding-top:300px;\">\n  \t\t\t\t\t\t\t<img loading=\"lazy\" decoding=\"async\" width=\"169\" height=\"300\" src=\"https:\/\/dulichhoian.click\/wp-content\/uploads\/2026\/04\/quality_restoration_20260415021237535-169x300.jpeg\" class=\"attachment-medium size-medium wp-post-image\" alt=\"\" srcset=\"https:\/\/dulichhoian.click\/wp-content\/uploads\/2026\/04\/quality_restoration_20260415021237535-169x300.jpeg 169w, https:\/\/dulichhoian.click\/wp-content\/uploads\/2026\/04\/quality_restoration_20260415021237535-576x1024.jpeg 576w, https:\/\/dulichhoian.click\/wp-content\/uploads\/2026\/04\/quality_restoration_20260415021237535-768x1365.jpeg 768w, https:\/\/dulichhoian.click\/wp-content\/uploads\/2026\/04\/quality_restoration_20260415021237535-864x1536.jpeg 864w, https:\/\/dulichhoian.click\/wp-content\/uploads\/2026\/04\/quality_restoration_20260415021237535-1152x2048.jpeg 1152w, https:\/\/dulichhoian.click\/wp-content\/uploads\/2026\/04\/quality_restoration_20260415021237535-scaled.jpeg 1440w\" sizes=\"auto, (max-width: 169px) 100vw, 169px\" \/>  \t\t\t\t\t\t\t  \t\t\t\t\t\t\t  \t\t\t\t\t\t<\/div>\n  \t\t\t\t\t\t  \t\t\t\t\t<\/div>\n          \t\t\t\t\t<div class=\"box-text text-left is-small\" >\n\t\t\t\t\t<div class=\"box-text-inner blog-post-inner\">\n\n\t\t\t\t\t\n\t\t\t\t\t\t\t\t\t\t<h5 class=\"post-title is-large \">Anoi Home &#8220;CH\u1ed0N TR\u1ed0N NH\u1ece GI\u1eeeA PH\u1ed0 C\u1ed4 H\u1ed8I AN\u201d<\/h5>\n\t\t\t\t\t\t\t\t\t\t<div class=\"is-divider\"><\/div>\n\t\t\t\t\t\t\t\t\t\t<p class=\"from_the_blog_excerpt \">Gi\u1eefa nh\u1eefng con ph\u1ed1 lu\u00f4n \u0111\u00f4ng \u0111\u00fac c\u1ee7a H\u1ed9i An, Anoi Home n\u1eb1m y\u00ean l\u1eb7ng [...]\t\t\t\t\t<\/p>\n\t\t\t\t\t                    \n\t\t\t\t\t\n\t\t\t\t\t\n\t\t\t\t\t<\/div>\n\t\t\t\t\t<\/div>\n\t\t\t\t\t\t\t\t\t\t\t\t\t\t\t\t<div class=\"badge absolute top post-date badge-outline\">\n\t\t\t\t\t\t\t<div class=\"badge-inner\">\n\t\t\t\t\t\t\t\t<span class=\"post-date-day\">14<\/span><br>\n\t\t\t\t\t\t\t\t<span class=\"post-date-month is-xsmall\">Th4<\/span>\n\t\t\t\t\t\t\t<\/div>\n\t\t\t\t\t\t<\/div>\n\t\t\t\t\t\t\t\t\t<\/div>\n\t\t\t\t<\/a>\n\t\t\t<\/div>\n\t\t<\/div><\/div>\n","protected":false},"excerpt":{"rendered":"<p>Homestay Homestay \u1edf H\u1ed9i An<\/p>\n","protected":false},"author":1,"featured_media":0,"parent":0,"menu_order":0,"comment_status":"closed","ping_status":"closed","template":"","meta":{"footnotes":""},"class_list":["post-625","page","type-page","status-publish","hentry"],"_links":{"self":[{"href":"https:\/\/dulichhoian.click\/index.php?rest_route=\/wp\/v2\/pages\/625","targetHints":{"allow":["GET"]}}],"collection":[{"href":"https:\/\/dulichhoian.click\/index.php?rest_route=\/wp\/v2\/pages"}],"about":[{"href":"https:\/\/dulichhoian.click\/index.php?rest_route=\/wp\/v2\/types\/page"}],"author":[{"embeddable":true,"href":"https:\/\/dulichhoian.click\/index.php?rest_route=\/wp\/v2\/users\/1"}],"replies":[{"embeddable":true,"href":"https:\/\/dulichhoian.click\/index.php?rest_route=%2Fwp%2Fv2%2Fcomments&post=625"}],"version-history":[{"count":3,"href":"https:\/\/dulichhoian.click\/index.php?rest_route=\/wp\/v2\/pages\/625\/revisions"}],"predecessor-version":[{"id":635,"href":"https:\/\/dulichhoian.click\/index.php?rest_route=\/wp\/v2\/pages\/625\/revisions\/635"}],"wp:attachment":[{"href":"https:\/\/dulichhoian.click\/index.php?rest_route=%2Fwp%2Fv2%2Fmedia&parent=625"}],"curies":[{"name":"wp","href":"https:\/\/api.w.org\/{rel}","templated":true}]}}