{"id":67,"date":"2026-03-23T13:26:18","date_gmt":"2026-03-23T06:26:18","guid":{"rendered":"https:\/\/dulichhoian.click\/?page_id=67"},"modified":"2026-04-14T07:46:57","modified_gmt":"2026-04-14T00:46:57","slug":"lien-he","status":"publish","type":"page","link":"https:\/\/dulichhoian.click\/?page_id=67","title":{"rendered":"Li\u00ean h\u1ec7"},"content":{"rendered":"<p><span style=\"font-size: 35px;\" data-text-color=\"primary\"><strong>Li\u00ean H\u1ec7<\/strong><\/span><\/p>\n<p><span data-text-color=\"primary\">H\u1ed9i An<\/span> l\u00e0 n\u01a1i mang trong m\u00ecnh m\u1ed9t nh\u1ecbp s\u1ed1ng nh\u1eb9 nh\u00e0ng, y\u00ean \u1ea3 hi\u1ebfm c\u00f3. D\u01b0\u1eddng nh\u01b0 th\u1eddi gian khi \u0111i qua n\u01a1i \u0111\u00e2y c\u0169ng ch\u1eadm l\u1ea1i, kh\u00f4ng th\u1ec3 x\u00f3a nh\u00f2a \u0111i v\u1ebb \u0111\u1eb9p c\u1ed5 k\u00ednh \u0111\u00e3 t\u1ed3n t\u1ea1i qua bao th\u1ebf h\u1ec7. Nh\u1eefng m\u00e1i ng\u00f3i ph\u1ee7 r\u00eau, nh\u1eefng con \u0111\u01b0\u1eddng r\u1ef1c r\u1ee1 \u00e1nh \u0111\u00e8n l\u1ed3ng, hay nh\u1eefng b\u1ee9c ho\u00e0nh phi \u0111\u01b0\u1ee3c ch\u1ea1m kh\u1eafc tinh x\u1ea3o\u2026 t\u1ea5t c\u1ea3 h\u00f2a quy\u1ec7n t\u1ea1o n\u00ean m\u1ed9t kh\u00f4ng gian \u0111\u1eadm ch\u1ea5t x\u01b0a, \u0111\u01b0a ta nh\u01b0 l\u1ea1c v\u1ec1 qu\u00e1 kh\u1ee9 h\u00e0ng tr\u0103m n\u0103m tr\u01b0\u1edbc. Ch\u1ec9 c\u1ea7n t\u1eebng \u1ea5y th\u00f4i c\u0169ng \u0111\u1ee7 khi\u1ebfn l\u00f2ng ng\u01b0\u1eddi say \u0111\u1eafm, l\u01b0u luy\u1ebfn m\u00e3i kh\u00f4ng r\u1eddi. H\u00e3y c\u00f9ng Du L\u1ecbch H\u1ed9i An kh\u00e1m ph\u00e1 v\u1ebb \u0111\u1eb9p b\u00ecnh d\u1ecb v\u00e0 \u0111\u1ea7y cu\u1ed1n h\u00fat c\u1ee7a ph\u1ed1 c\u1ed5 n\u00e0y!<\/p>\n<div class=\"row\"  id=\"row-1708792030\">\n\n\t<div id=\"col-1429441006\" class=\"col medium-4 small-12 large-4\"  >\n\t\t\t\t<div class=\"col-inner\"  >\n\t\t\t\n\t\t\t\n\t<div id=\"text-3401544938\" class=\"text\">\n\t\t\n<p><span style=\"font-size: 20px;\" data-text-color=\"primary\">\u0110\u1ecba ch\u1ec9<\/span><\/p>\n<p>Ph\u1ed1 c\u1ed5 H\u1ed9i An<\/p>\n<p>Th\u00e0nh ph\u1ed1 \u0110\u00e0 N\u1eb5ng<\/p>\n<p>Vi\u1ec7t Nam<\/p>\n\t\t\n<style>\n#text-3401544938 {\n  font-size: 1rem;\n  line-height: 0.75;\n  text-align: left;\n  color: rgb(0,0,0);\n}\n#text-3401544938 > * {\n  color: rgb(0,0,0);\n}\n<\/style>\n\t<\/div>\n\t\n\t\t<\/div>\n\t\t\t\t\t<\/div>\n\n\t\n\n\t<div id=\"col-922762852\" class=\"col medium-4 small-12 large-4\"  >\n\t\t\t\t<div class=\"col-inner\"  >\n\t\t\t\n\t\t\t\n\t<div id=\"text-1306854363\" class=\"text\">\n\t\t\n<p>Th\u00f4ng tin<\/p>\n<p>Hotline\/Zalo:<\/p>\n<p>Fanpage:<\/p>\n<p>Email:<\/p>\n\t\t\n<style>\n#text-1306854363 {\n  font-size: 1rem;\n  line-height: 0.75;\n  color: rgb(0,0,0);\n}\n#text-1306854363 > * {\n  color: rgb(0,0,0);\n}\n<\/style>\n\t<\/div>\n\t\n\t\t<\/div>\n\t\t\t\t\t<\/div>\n\n\t\n\n\t<div id=\"col-1980176406\" class=\"col medium-4 small-12 large-4\"  >\n\t\t\t\t<div class=\"col-inner\"  >\n\t\t\t\n\t\t\t\n\t<div class=\"img has-hover x md-x lg-x y md-y lg-y\" id=\"image_308781008\">\n\t\t<a class=\"\" href=\"https:\/\/www.google.com\/maps\/place\/Hoi+An+Ancient+Town\/@15.8768461,108.3235974,17z\/data=!3m1!4b1!4m6!3m5!1s0x31420f90ddf1def3:0xaf3ff2c54b65ece7!8m2!3d15.8768461!4d108.3261777!16s%2Fg%2F11h3v8r1qc?entry=ttu&g_ep=EgoyMDI2MDQwOC4wIKXMDSoASAFQAw%3D%3D\"  >\t\t\t\t\t\t<div class=\"img-inner dark\" >\n\t\t\t<img loading=\"lazy\" decoding=\"async\" width=\"1020\" height=\"709\" src=\"https:\/\/dulichhoian.click\/wp-content\/uploads\/2026\/04\/z7719617673375_eca71d38d6dc9075a05b9f8c2bffecc9-1024x712.jpg\" class=\"attachment-large size-large\" alt=\"\" srcset=\"https:\/\/dulichhoian.click\/wp-content\/uploads\/2026\/04\/z7719617673375_eca71d38d6dc9075a05b9f8c2bffecc9-1024x712.jpg 1024w, https:\/\/dulichhoian.click\/wp-content\/uploads\/2026\/04\/z7719617673375_eca71d38d6dc9075a05b9f8c2bffecc9-300x209.jpg 300w, https:\/\/dulichhoian.click\/wp-content\/uploads\/2026\/04\/z7719617673375_eca71d38d6dc9075a05b9f8c2bffecc9-768x534.jpg 768w, https:\/\/dulichhoian.click\/wp-content\/uploads\/2026\/04\/z7719617673375_eca71d38d6dc9075a05b9f8c2bffecc9.jpg 1404w\" sizes=\"auto, (max-width: 1020px) 100vw, 1020px\" \/>\t\t\t\t\t\t\n\t\t\t\t\t<\/div>\n\t\t\t\t\t\t<\/a>\t\t\n<style>\n#image_308781008 {\n  width: 100%;\n}\n<\/style>\n\t<\/div>\n\t\n\t\t<\/div>\n\t\t\t\t\t<\/div>\n\n\t\n<\/div>\n<p><span style=\"font-size: 25px;\" data-text-color=\"primary\">G\u1eedi th\u01b0<\/span><\/p>\n<form style=\"max-width: 600px;\" action=\"#\" method=\"post\">\n<p><label>T\u00ean c\u1ee7a b\u1ea1n<\/label><br \/><input style=\"width: 50%; padding: 10px;\" name=\"name\" type=\"text\" \/><\/p>\n<p><label>Email c\u1ee7a b\u1ea1n<\/label><br \/><input style=\"width: 50%; padding: 10px;\" name=\"email\" type=\"email\" \/><\/p>\n<p><label>Ti\u00eau \u0111\u1ec1<\/label><br \/><input style=\"width: 50%; padding: 10px;\" name=\"subject\" type=\"text\" \/><\/p>\n<p><label>N\u1ed9i dung tin nh\u1eafn<\/label><br \/><textarea style=\"width: 80%; padding: 10px; height: 150px;\" name=\"message\"><\/textarea><\/p>\n<\/form>\n<a class=\"button primary\"  >\n    <span>G\u1eedi<\/span>\n  <\/a>\n\n","protected":false},"excerpt":{"rendered":"<p>Li\u00ean H\u1ec7 H\u1ed9i An l\u00e0 n\u01a1i mang trong m\u00ecnh m\u1ed9t nh\u1ecbp s\u1ed1ng nh\u1eb9 nh\u00e0ng, y\u00ean \u1ea3 hi\u1ebfm c\u00f3. D\u01b0\u1eddng nh\u01b0 th\u1eddi gian khi \u0111i qua n\u01a1i \u0111\u00e2y c\u0169ng ch\u1eadm l\u1ea1i, kh\u00f4ng th\u1ec3 x\u00f3a nh\u00f2a \u0111i v\u1ebb \u0111\u1eb9p c\u1ed5 k\u00ednh \u0111\u00e3 t\u1ed3n t\u1ea1i qua bao th\u1ebf h\u1ec7. Nh\u1eefng m\u00e1i ng\u00f3i ph\u1ee7 r\u00eau, nh\u1eefng con \u0111\u01b0\u1eddng r\u1ef1c [&#8230;]\n","protected":false},"author":1,"featured_media":0,"parent":0,"menu_order":0,"comment_status":"closed","ping_status":"closed","template":"","meta":{"footnotes":""},"class_list":["post-67","page","type-page","status-publish","hentry"],"_links":{"self":[{"href":"https:\/\/dulichhoian.click\/index.php?rest_route=\/wp\/v2\/pages\/67","targetHints":{"allow":["GET"]}}],"collection":[{"href":"https:\/\/dulichhoian.click\/index.php?rest_route=\/wp\/v2\/pages"}],"about":[{"href":"https:\/\/dulichhoian.click\/index.php?rest_route=\/wp\/v2\/types\/page"}],"author":[{"embeddable":true,"href":"https:\/\/dulichhoian.click\/index.php?rest_route=\/wp\/v2\/users\/1"}],"replies":[{"embeddable":true,"href":"https:\/\/dulichhoian.click\/index.php?rest_route=%2Fwp%2Fv2%2Fcomments&post=67"}],"version-history":[{"count":7,"href":"https:\/\/dulichhoian.click\/index.php?rest_route=\/wp\/v2\/pages\/67\/revisions"}],"predecessor-version":[{"id":396,"href":"https:\/\/dulichhoian.click\/index.php?rest_route=\/wp\/v2\/pages\/67\/revisions\/396"}],"wp:attachment":[{"href":"https:\/\/dulichhoian.click\/index.php?rest_route=%2Fwp%2Fv2%2Fmedia&parent=67"}],"curies":[{"name":"wp","href":"https:\/\/api.w.org\/{rel}","templated":true}]}}