{"id":93,"date":"2026-03-23T13:44:14","date_gmt":"2026-03-23T06:44:14","guid":{"rendered":"https:\/\/dulichhoian.click\/?page_id=93"},"modified":"2026-04-14T08:59:01","modified_gmt":"2026-04-14T01:59:01","slug":"cho-thue-xe","status":"publish","type":"page","link":"https:\/\/dulichhoian.click\/?page_id=93","title":{"rendered":"Cho thu\u00ea xe"},"content":{"rendered":"<div class=\"row\"  id=\"row-926545983\">\n\n\t<div id=\"col-167769650\" class=\"col medium-4 small-12 large-4\"  >\n\t\t\t\t<div class=\"col-inner\"  >\n\t\t\t\n\t\t\t\n<div style=\"text-align: center;\"><img decoding=\"async\" src=\"https:\/\/hondahungphat.com.vn\/public\/upload\/sanpham\/airblade\/sp\/bac-xanh-den-125.jpg\" alt=\"Xe m\u00e1y honda air blade ch\u00ednh h\u00e3ng gi\u00e1 t\u1ed1t - honda h\u01b0ng ph\u00e1t\" \/><\/p>\n<h3>Air Blade<\/h3>\n<p style=\"color: #666;\">Xe tay ga m\u1ea1nh m\u1ebd, ch\u1ea1y \u00eam, ph\u00f9 h\u1ee3p \u0111i xa<\/p>\n<p style=\"color: red; font-weight: bold;\">150.000\u0111\/ng\u00e0y<\/p>\n<p><a style=\"border: 1px solid #c8a97e; padding: 8px 16px; color: #c8a97e; display: inline-block;\" href=\"#\">Ch\u1ecdn xe<\/a><\/p>\n<\/div>\n\t\t<\/div>\n\t\t\t\t\t<\/div>\n\n\t\n\n\t<div id=\"col-1457758516\" class=\"col medium-4 small-12 large-4\"  >\n\t\t\t\t<div class=\"col-inner\"  >\n\t\t\t\n\t\t\t\n<div style=\"text-align: center;\"><img loading=\"lazy\" decoding=\"async\" class=\"\" src=\"https:\/\/headhongdac.com\/upload\/sanpham\/large\/vision-1742785172-49c9ad.png\" alt=\"Vision\" width=\"527\" height=\"351\" \/><\/p>\n<h3>Vision<\/h3>\n<p style=\"color: #666;\">Nh\u1ecf g\u1ecdn, d\u1ec5 l\u00e1i, ti\u1ebft ki\u1ec7m x\u0103ng<\/p>\n<p style=\"color: red; font-weight: bold;\">130.000\u0111\/ng\u00e0y<\/p>\n<\/div>\n<div style=\"text-align: center;\">\n<p><a style=\"border: 1px solid #c8a97e; padding: 8px 16px; color: #c8a97e;\" href=\"#\">Ch\u1ecdn xe<\/a><\/p>\n<\/div>\n\t\t<\/div>\n\t\t\t\t\t<\/div>\n\n\t\n\n\t<div id=\"col-659021297\" class=\"col medium-4 small-12 large-4\"  >\n\t\t\t\t<div class=\"col-inner\"  >\n\t\t\t\n\t\t\t\n<div style=\"text-align: center;\"><img decoding=\"async\" src=\"https:\/\/hondadoanhthu.com.vn\/wp-content\/uploads\/2022\/01\/EeWQ1bnqOSv0jgrFImMr.jpg\" alt=\"Wave Alpha 110 - H\u1ec7 Th\u1ed1ng HEAD Doanh Thu\" \/><\/p>\n<h3>Wave<\/h3>\n<p style=\"color: #666;\">Gi\u00e1 r\u1ebb, b\u1ec1n b\u1ec9, ph\u00f9 h\u1ee3p m\u1ecdi nhu c\u1ea7u<\/p>\n<p style=\"color: red; font-weight: bold;\">100.000\u0111\/ng\u00e0y<\/p>\n<p><a style=\"border: 1px solid #c8a97e; padding: 8px 16px; color: #c8a97e;\" href=\"#\">Ch\u1ecdn xe<\/a><\/p>\n<\/div>\n\t\t<\/div>\n\t\t\t\t\t<\/div>\n\n\t\n<\/div>\n<div class=\"row\"  id=\"row-1209912059\">\n\n\t<div id=\"col-1322436645\" class=\"col medium-4 small-12 large-4\"  >\n\t\t\t\t<div class=\"col-inner\"  >\n\t\t\t\n\t\t\t\n<div style=\"text-align: center;\"><img decoding=\"async\" src=\"https:\/\/i2-vnexpress.vnecdn.net\/2024\/01\/03\/HondaFutute125FI2024DacBiet1jpg-1704270891.jpg?w=1200&amp;h=0&amp;q=100&amp;dpr=1&amp;fit=crop&amp;s=1pAF_jEvvVWu1wTUHwwqTw\" alt=\"Honda Future 125 FI: Gi\u00e1 l\u0103n b\u00e1nh th\u00e1ng 4\/2026, c\u00e1c phi\u00ean b\u1ea3n, m\u00e0u, th\u00f4ng  s\u1ed1... m\u1edbi nh\u1ea5t\" \/><\/p>\n<h3>Future<\/h3>\n<p style=\"color: #666;\">\u00cam \u00e1i, ti\u1ebft ki\u1ec7m nhi\u00ean li\u1ec7u<\/p>\n<p style=\"color: red; font-weight: bold;\">120.000\u0111\/ng\u00e0y<\/p>\n<p><a style=\"border: 1px solid #c8a97e; padding: 8px 16px; color: #c8a97e;\" href=\"#\">Ch\u1ecdn xe<\/a><\/p>\n<\/div>\n\t\t<\/div>\n\t\t\t\t\t<\/div>\n\n\t\n\n\t<div id=\"col-1081164747\" class=\"col medium-4 small-12 large-4\"  >\n\t\t\t\t<div class=\"col-inner\"  >\n\t\t\t\n\t\t\t\n<div style=\"text-align: center;\"><img decoding=\"async\" src=\"https:\/\/thanhnien.mediacdn.vn\/uploaded\/bahung\/z-ba-hung-2021\/thang-9-2021\/sirius\/yamaha-sirius_thanhnien_TWFF.jpg?width=500\" alt=\"Yamaha Sirius m\u1edbi gi\u00e1 t\u1eeb 20,84 tri\u1ec7u \u0111\u1ed3ng, c\u1ea1nh tranh Honda Wave Alpha\" \/><\/p>\n<h3>Sirius<\/h3>\n<p style=\"color: #666;\">G\u1ecdn nh\u1eb9, linh ho\u1ea1t trong ph\u1ed1<\/p>\n<p style=\"color: red; font-weight: bold;\">110.000\u0111\/ng\u00e0y<\/p>\n<p><a style=\"border: 1px solid #c8a97e; padding: 8px 16px; color: #c8a97e;\" href=\"#\">Ch\u1ecdn xe<\/a><\/p>\n<\/div>\n\t\t<\/div>\n\t\t\t\t\t<\/div>\n\n\t\n\n\t<div id=\"col-245053940\" class=\"col medium-4 small-12 large-4\"  >\n\t\t\t\t<div class=\"col-inner\"  >\n\t\t\t\n\t\t\t\n<div style=\"text-align: center;\"><img decoding=\"async\" src=\"https:\/\/vcdn1-vnexpress.vnecdn.net\/2019\/07\/05\/honda-lead-2019-vne-copy-15622-4955-4886-1562298223.png?w=680&amp;h=0&amp;q=100&amp;dpr=2&amp;fit=crop&amp;s=RufziqB3Sx3E7n352te2fA\" alt=\"Honda t\u0103ng gi\u00e1 Lead 2019, b\u1ed5 sung trang b\u1ecb\" \/><\/p>\n<h3>Lead<\/h3>\n<p style=\"color: #666;\">C\u1ed1p r\u1ed9ng, ti\u1ec7n cho du l\u1ecbch d\u00e0i ng\u00e0y<\/p>\n<p style=\"color: red; font-weight: bold;\">140.000\u0111\/ng\u00e0y<\/p>\n<p><a style=\"border: 1px solid #c8a97e; padding: 8px 16px; color: #c8a97e;\" href=\"#\">Ch\u1ecdn xe<\/a><\/p>\n<\/div>\n\t\t<\/div>\n\t\t\t\t\t<\/div>\n\n\t\n<\/div>\n","protected":false},"excerpt":{"rendered":"","protected":false},"author":1,"featured_media":0,"parent":0,"menu_order":0,"comment_status":"closed","ping_status":"closed","template":"","meta":{"footnotes":""},"class_list":["post-93","page","type-page","status-publish","hentry"],"_links":{"self":[{"href":"https:\/\/dulichhoian.click\/index.php?rest_route=\/wp\/v2\/pages\/93","targetHints":{"allow":["GET"]}}],"collection":[{"href":"https:\/\/dulichhoian.click\/index.php?rest_route=\/wp\/v2\/pages"}],"about":[{"href":"https:\/\/dulichhoian.click\/index.php?rest_route=\/wp\/v2\/types\/page"}],"author":[{"embeddable":true,"href":"https:\/\/dulichhoian.click\/index.php?rest_route=\/wp\/v2\/users\/1"}],"replies":[{"embeddable":true,"href":"https:\/\/dulichhoian.click\/index.php?rest_route=%2Fwp%2Fv2%2Fcomments&post=93"}],"version-history":[{"count":11,"href":"https:\/\/dulichhoian.click\/index.php?rest_route=\/wp\/v2\/pages\/93\/revisions"}],"predecessor-version":[{"id":449,"href":"https:\/\/dulichhoian.click\/index.php?rest_route=\/wp\/v2\/pages\/93\/revisions\/449"}],"wp:attachment":[{"href":"https:\/\/dulichhoian.click\/index.php?rest_route=%2Fwp%2Fv2%2Fmedia&parent=93"}],"curies":[{"name":"wp","href":"https:\/\/api.w.org\/{rel}","templated":true}]}}