{"id":94,"date":"2026-03-23T13:44:14","date_gmt":"2026-03-23T06:44:14","guid":{"rendered":"https:\/\/dulichhoian.click\/?page_id=94"},"modified":"2026-03-30T16:18:16","modified_gmt":"2026-03-30T09:18:16","slug":"thue-phong","status":"publish","type":"page","link":"https:\/\/dulichhoian.click\/?page_id=94","title":{"rendered":"Thu\u00ea ph\u00f2ng"},"content":{"rendered":"<div class=\"row\"  id=\"row-1394022302\">\n\n\t<div id=\"col-1034053030\" class=\"col medium-4 small-12 large-4\"  >\n\t\t\t\t<div class=\"col-inner\"  >\n\t\t\t\n\t\t\t\n\t<div class=\"ux-menu stack stack-col justify-start ux-menu--divider-solid\">\n\t\t\n\t<div class=\"ux-menu-link flex menu-item\">\n\t\t<a class=\"ux-menu-link__link flex\" href=\"https:\/\/dulichhoian.click\"  >\n\t\t\t\t\t\t<span class=\"ux-menu-link__text\">\n\t\t\t\tTribee Cotu Hostel\t\t\t<\/span>\n\t\t<\/a>\n\t<\/div>\n\t\n\t<\/div>\n\t\n\t<div class=\"img has-hover x md-x lg-x y md-y lg-y\" id=\"image_1987802258\">\n\t\t\t\t\t\t\t\t<div class=\"img-inner dark\" >\n\t\t\t<img loading=\"lazy\" decoding=\"async\" width=\"1020\" height=\"680\" src=\"https:\/\/dulichhoian.click\/wp-content\/uploads\/2026\/03\/409541525.jpg\" class=\"attachment-large size-large\" alt=\"\" srcset=\"https:\/\/dulichhoian.click\/wp-content\/uploads\/2026\/03\/409541525.jpg 1024w, https:\/\/dulichhoian.click\/wp-content\/uploads\/2026\/03\/409541525-300x200.jpg 300w, https:\/\/dulichhoian.click\/wp-content\/uploads\/2026\/03\/409541525-768x512.jpg 768w\" sizes=\"auto, (max-width: 1020px) 100vw, 1020px\" \/>\t\t\t\t\t\t\n\t\t\t\t\t<\/div>\n\t\t\t\t\t\t\t\t\n<style>\n#image_1987802258 {\n  width: 100%;\n}\n<\/style>\n\t<\/div>\n\t\n<p><span style=\"font-family: 'times new roman', times;\">Kh\u00e1ch s\u1ea1n n\u1eb1m ngay trung t\u00e2m ph\u1ed1 c\u1ed5 H\u1ed9i An, thu\u1eadn ti\u1ec7n \u0111i b\u1ed9 tham quan Ch\u00f9a C\u1ea7u v\u00e0 c\u00e1c \u0111i\u1ec3m du l\u1ecbch n\u1ed5i ti\u1ebfng. Kh\u00f4ng gian tr\u1ebb trung, ph\u00f2ng s\u1ea1ch s\u1ebd, ph\u00f9 h\u1ee3p cho nh\u00f3m b\u1ea1n v\u00e0 du kh\u00e1ch y\u00eau th\u00edch tr\u1ea3i nghi\u1ec7m v\u0103n h\u00f3a \u0111\u1ecba ph\u01b0\u01a1ng.<\/span><\/p>\n\t\t<\/div>\n\t\t\t\t\t<\/div>\n\n\t\n\n\t<div id=\"col-1330845964\" class=\"col medium-4 small-12 large-4\"  >\n\t\t\t\t<div class=\"col-inner\"  >\n\t\t\t\n\t\t\t\n\t<div class=\"ux-menu stack stack-col justify-start ux-menu--divider-solid\">\n\t\t\n\t<div class=\"ux-menu-link flex menu-item\">\n\t\t<a class=\"ux-menu-link__link flex\" href=\"https:\/\/dulichhoian.click\"  >\n\t\t\t\t\t\t<span class=\"ux-menu-link__text\">\n\t\t\t\tPalm Riverside Boutique\t\t\t<\/span>\n\t\t<\/a>\n\t<\/div>\n\t\n\t<\/div>\n\t\n\t<div class=\"img has-hover x md-x lg-x y md-y lg-y\" id=\"image_1740497650\">\n\t\t\t\t\t\t\t\t<div class=\"img-inner dark\" >\n\t\t\t<img loading=\"lazy\" decoding=\"async\" width=\"1020\" height=\"680\" src=\"https:\/\/dulichhoian.click\/wp-content\/uploads\/2026\/03\/627658575.jpg\" class=\"attachment-large size-large\" alt=\"\" srcset=\"https:\/\/dulichhoian.click\/wp-content\/uploads\/2026\/03\/627658575.jpg 1024w, https:\/\/dulichhoian.click\/wp-content\/uploads\/2026\/03\/627658575-300x200.jpg 300w, https:\/\/dulichhoian.click\/wp-content\/uploads\/2026\/03\/627658575-768x512.jpg 768w\" sizes=\"auto, (max-width: 1020px) 100vw, 1020px\" \/>\t\t\t\t\t\t\n\t\t\t\t\t<\/div>\n\t\t\t\t\t\t\t\t\n<style>\n#image_1740497650 {\n  width: 100%;\n}\n<\/style>\n\t<\/div>\n\t\n<p><span style=\"font-family: 'times new roman', times;\">Kh\u00e1ch s\u1ea1n n\u1eb1m g\u1ea7n b\u00e3i bi\u1ec3n C\u1eeda \u0110\u1ea1i, kh\u00f4ng gian y\u00ean t\u0129nh ven s\u00f4ng, ph\u00f9 h\u1ee3p ngh\u1ec9 d\u01b0\u1ee1ng th\u01b0 gi\u00e3n. Ph\u00f2ng r\u1ed9ng r\u00e3i, c\u00f3 h\u1ed3 b\u01a1i v\u00e0 xe \u0111\u1ea1p mi\u1ec5n ph\u00ed, thu\u1eadn ti\u1ec7n di chuy\u1ec3n tham quan ph\u1ed1 c\u1ed5 H\u1ed9i An.<\/span><\/p>\n\t\t<\/div>\n\t\t\t\t\t<\/div>\n\n\t\n\n\t<div id=\"col-1378164178\" class=\"col medium-4 small-12 large-4\"  >\n\t\t\t\t<div class=\"col-inner\"  >\n\t\t\t\n\t\t\t\n\t\t<\/div>\n\t\t\t\t\t<\/div>\n\n\t\n\n\t<div id=\"col-1630295336\" class=\"col medium-4 small-12 large-4\"  >\n\t\t\t\t<div class=\"col-inner\"  >\n\t\t\t\n\t\t\t\n\t\t<\/div>\n\t\t\t\t\t<\/div>\n\n\t\n<\/div>\n","protected":false},"excerpt":{"rendered":"","protected":false},"author":1,"featured_media":0,"parent":0,"menu_order":0,"comment_status":"closed","ping_status":"closed","template":"","meta":{"footnotes":""},"class_list":["post-94","page","type-page","status-publish","hentry"],"_links":{"self":[{"href":"https:\/\/dulichhoian.click\/index.php?rest_route=\/wp\/v2\/pages\/94","targetHints":{"allow":["GET"]}}],"collection":[{"href":"https:\/\/dulichhoian.click\/index.php?rest_route=\/wp\/v2\/pages"}],"about":[{"href":"https:\/\/dulichhoian.click\/index.php?rest_route=\/wp\/v2\/types\/page"}],"author":[{"embeddable":true,"href":"https:\/\/dulichhoian.click\/index.php?rest_route=\/wp\/v2\/users\/1"}],"replies":[{"embeddable":true,"href":"https:\/\/dulichhoian.click\/index.php?rest_route=%2Fwp%2Fv2%2Fcomments&post=94"}],"version-history":[{"count":9,"href":"https:\/\/dulichhoian.click\/index.php?rest_route=\/wp\/v2\/pages\/94\/revisions"}],"predecessor-version":[{"id":320,"href":"https:\/\/dulichhoian.click\/index.php?rest_route=\/wp\/v2\/pages\/94\/revisions\/320"}],"wp:attachment":[{"href":"https:\/\/dulichhoian.click\/index.php?rest_route=%2Fwp%2Fv2%2Fmedia&parent=94"}],"curies":[{"name":"wp","href":"https:\/\/api.w.org\/{rel}","templated":true}]}}